{"id":3791,"date":"2022-04-10T21:32:40","date_gmt":"2022-04-10T18:32:40","guid":{"rendered":"https:\/\/hanauto.fi\/rehvitood\/"},"modified":"2023-12-08T09:12:31","modified_gmt":"2023-12-08T07:12:31","slug":"rengas-tyo","status":"publish","type":"page","link":"https:\/\/hanauto.fi\/fi\/rengas-tyo\/","title":{"rendered":"Rengas ty\u00f6"},"content":{"rendered":"<div class=\"wpb-content-wrapper\"><p>[vc_row][vc_column][vc_custom_heading font_container=&#8221;tag:h1|text_align:center&#8221; use_theme_fonts=&#8221;yes&#8221; source=&#8221;post_title&#8221;][\/vc_column][\/vc_row][vc_row][vc_column]<div class=\"porto-content-box featured-boxes wpb_content_element \"><div class=\"featured-box featured-box-primary  align-left\"><div class=\"box-content\" style=\"\"><div class=\"porto-sicon-box  wpb_custom_1efe903570d178ff0a9b7bfa5febd3a4 style_2 left-icon\"><div class=\"porto-sicon-left\"><div class=\"porto-just-icon-wrapper porto-sicon-img  porto-icon-9f5d1cfb45d27d96b50bf473aebba227\" style=\"font-size: 60px;\"><img decoding=\"async\" class=\"img-icon\" alt=\"\" src=\"https:\/\/hanauto.fi\/wp-content\/uploads\/2022\/04\/logo-car-tyre-inflate.png\" width=\"60\" height=\"57\" \/><\/div><\/div><div class=\"porto-sicon-body\"><div class=\"porto-sicon-header\"><h3 class=\"porto-sicon-title\" style=\"\">Rengas ty\u00f6<\/h3><\/div> <!-- header --><div class=\"porto-sicon-description\" style=\"\">Hanauto OY tarjoaa rengasvaihtoa Paimiossa. Ty\u00f6t\u00e4 mit\u00e4 teemme:<\/p>\n<ul>\n<li>Renkaiden purkaaminen ja kokoaminen<\/li>\n<li>Py\u00f6r\u00e4n tasapainoitus<\/li>\n<li>Py\u00f6r\u00e4n vaihto<\/li>\n<\/ul>\n<p><a href=\"https:\/\/hanauto.fi\/fi\/paikanvaraus\/\">K\u00e4yt\u00e4 verkko-varauslomake kun varaat rengasvaihtoa<\/a>.<\/div> <!-- description --><\/div><\/div><!-- porto-sicon-box --><\/div><\/div><\/div><div class=\"porto-content-box featured-boxes wpb_content_element \"><div class=\"featured-box featured-box-primary  align-left\"><div class=\"box-content\" style=\"\"><div class=\"porto-sicon-box  wpb_custom_1efe903570d178ff0a9b7bfa5febd3a4 style_2 left-icon\"><div class=\"porto-sicon-left\"><div class=\"porto-just-icon-wrapper porto-sicon-img  porto-icon-9f5d1cfb45d27d96b50bf473aebba227\" style=\"font-size: 60px;\"><img decoding=\"async\" class=\"img-icon\" alt=\"\" src=\"https:\/\/hanauto.fi\/wp-content\/uploads\/2022\/04\/logo-car-tyre.png\" width=\"50\" height=\"50\" \/><\/div><\/div><div class=\"porto-sicon-body\"><div class=\"porto-sicon-header\"><h3 class=\"porto-sicon-title\" style=\"\">Uudet renkkat<\/h3><\/div> <!-- header --><div class=\"porto-sicon-description\" style=\"\">MVerkkokauppamme tarjoaa laajan valikoiman renkaita autoille, pakettiautoille, maastoautoille, kuorma-autoille, moottoripy\u00f6rille ja m\u00f6nkij\u00f6ille. Tarjoamme asiakkaillemme nopean toimitusajan sek\u00e4 haluamaasi paikkaan ett\u00e4 korjaamollemme, jotta renkaat voidaan vaihtaa v\u00e4litt\u00f6m\u00e4sti.<\/p>\n<p><a href=\"https:\/\/hanauto.fi\/fi\/renkaat\/\">Tuotevalikoimamme renkaat \u00bb<\/a><\/div> <!-- description --><\/div><\/div><!-- porto-sicon-box --><\/div><\/div><\/div><div class=\"porto-content-box featured-boxes wpb_content_element \"><div class=\"featured-box featured-box-primary  align-left\"><div class=\"box-content\" style=\"\"><div class=\"porto-sicon-box  wpb_custom_1efe903570d178ff0a9b7bfa5febd3a4 style_2 left-icon\"><div class=\"porto-sicon-body\"><div class=\"porto-sicon-description\" style=\"\">Huom! K\u00e4yt\u00f6st\u00e4 poistuneet renkaat voitte j\u00e4tt\u00e4\u00e4 vaihdon yhteydess\u00e4 meille tai muuten ylinm\u00e4\u00e4r\u00e4iseksi j\u00e4\u00e4neet renkaat. Toimitamme ne Suomen rengasker\u00e4ykseen.<\/div> <!-- description --><\/div><\/div><!-- porto-sicon-box --><\/div><\/div><\/div>[\/vc_column][\/vc_row]<\/p>\n<\/div>","protected":false},"excerpt":{"rendered":"<p>[vc_row][vc_column][vc_custom_heading font_container=&#8221;tag:h1|text_align:center&#8221; use_theme_fonts=&#8221;yes&#8221; source=&#8221;post_title&#8221;][\/vc_column][\/vc_row][vc_row][vc_column][\/vc_column][\/vc_row]<\/p>\n","protected":false},"author":1,"featured_media":0,"parent":0,"menu_order":0,"comment_status":"closed","ping_status":"closed","template":"","meta":{"footnotes":""},"class_list":["post-3791","page","type-page","status-publish","hentry"],"_links":{"self":[{"href":"https:\/\/hanauto.fi\/fi\/wp-json\/wp\/v2\/pages\/3791","targetHints":{"allow":["GET"]}}],"collection":[{"href":"https:\/\/hanauto.fi\/fi\/wp-json\/wp\/v2\/pages"}],"about":[{"href":"https:\/\/hanauto.fi\/fi\/wp-json\/wp\/v2\/types\/page"}],"author":[{"embeddable":true,"href":"https:\/\/hanauto.fi\/fi\/wp-json\/wp\/v2\/users\/1"}],"replies":[{"embeddable":true,"href":"https:\/\/hanauto.fi\/fi\/wp-json\/wp\/v2\/comments?post=3791"}],"version-history":[{"count":0,"href":"https:\/\/hanauto.fi\/fi\/wp-json\/wp\/v2\/pages\/3791\/revisions"}],"wp:attachment":[{"href":"https:\/\/hanauto.fi\/fi\/wp-json\/wp\/v2\/media?parent=3791"}],"curies":[{"name":"wp","href":"https:\/\/api.w.org\/{rel}","templated":true}]}}