{"id":3793,"date":"2022-04-10T21:34:56","date_gmt":"2022-04-10T18:34:56","guid":{"rendered":"https:\/\/hanauto.fi\/tagastamistingimused\/"},"modified":"2022-04-13T20:57:28","modified_gmt":"2022-04-13T17:57:28","slug":"palautusehdot","status":"publish","type":"page","link":"https:\/\/hanauto.fi\/fi\/palautusehdot\/","title":{"rendered":"Palautusehdot"},"content":{"rendered":"<div class=\"wpb-content-wrapper\"><p>[vc_row][vc_column][vc_custom_heading source=&#8221;post_title&#8221; font_container=&#8221;tag:h1|text_align:center&#8221; use_theme_fonts=&#8221;yes&#8221;][\/vc_column][\/vc_row][vc_row][vc_column][vc_column_text]<\/p>\n<h1 class=\"title\">Kuinka voin palauttaa hanauto.fi-verkkokaupasta ostetut tavarat?<\/h1>\n<p>Sinulla on oikeus peruuttaa verkkokaupastamme tehty tilaus 14 kalenterip\u00e4iv\u00e4n kuluessa tavaran vastaanottamisesta. T\u00e4t\u00e4 varten sinun pit\u00e4\u00e4:<\/p>\n<ol>\n<li>T\u00e4yt\u00e4 palautuslomake! Voit tehd\u00e4 t\u00e4m\u00e4n tietokoneellasi tai manuaalisesti, ja jos et pysty tulostamaan lomaketta, l\u00e4het\u00e4 se t\u00e4ytettyn\u00e4 osoitteeseen info@hanauto.fi aiheella &#8221;Palautus verkkokauppaan&#8221;. Palautuslomake on saatavana <a href=\"https:\/\/hanauto.fi\/hanauto-online-store-return-form-fi.pdf\">suomeksi<\/a> ja <a href=\"https:\/\/hanauto.fi\/hanauto-veebipoe-tagastusvorm-est.pdf\">viroksi<\/a>.<\/li>\n<li>Valitse sinulle sopiva palautustapa. Tilatut tavarat voidaan palauttaa HanAuto OY: n toimistoon kuriirilla tai pakettiautomaatin kautta.<\/li>\n<\/ol>\n<p>Jos kaikki tuotteet ovat kunnossa (tuote on palautettava ehj\u00e4n\u00e4 ja t\u00e4ydellisen\u00e4, pakkaus mukaan lukien), rahat palautetaan samalle tilille, jolta maksu suoritettiin, viimeist\u00e4\u00e4n 14 kalenterip\u00e4iv\u00e4n kuluessa vastaanottamisesta nostopyynt\u00f6 HanAuto OY: ss\u00e4.<\/p>\n<h4><a href=\"https:\/\/hanauto.fi\/hanauto-online-store-return-form-fi.pdf\">Palautuslomake suomeksi<\/a><\/h4>\n<h4><a href=\"https:\/\/hanauto.fi\/hanauto-veebipoe-tagastusvorm-est.pdf\">Palautuslomake viroksi<\/a><\/h4>\n<p>HUOM! Tuotteita palautettaessa ei saa olla mit\u00e4\u00e4n j\u00e4lki\u00e4 k\u00e4yt\u00f6st\u00e4, mukaan lukien palautetut renkaat, joita ei ole aikaisemmin asennettu vanteille (paitsi jos renkaat ovat vinot tai muuten vialliset ja ilmeniv\u00e4t vasta renkaiden asentamisen j\u00e4lkeen). Oikeus palauttaa uusia auton osia p\u00e4\u00e4ttyy, kun tuotteessa on j\u00e4lki\u00e4 asennuksesta tai k\u00e4yt\u00f6st\u00e4, paitsi jos tuote on viallinen.[\/vc_column_text][\/vc_column][\/vc_row]<\/p>\n<\/div>","protected":false},"excerpt":{"rendered":"<p>[vc_row][vc_column][vc_custom_heading source=&#8221;post_title&#8221; font_container=&#8221;tag:h1|text_align:center&#8221; use_theme_fonts=&#8221;yes&#8221;][\/vc_column][\/vc_row][vc_row][vc_column][vc_column_text] Kuinka voin palauttaa hanauto.fi-verkkokaupasta ostetut tavarat? Sinulla on oikeus peruuttaa verkkokaupastamme tehty tilaus 14 kalenterip\u00e4iv\u00e4n kuluessa tavaran vastaanottamisesta. T\u00e4t\u00e4 varten sinun pit\u00e4\u00e4: T\u00e4yt\u00e4 palautuslomake! Voit tehd\u00e4 t\u00e4m\u00e4n tietokoneellasi tai manuaalisesti, ja jos et pysty tulostamaan lomaketta, l\u00e4het\u00e4 se t\u00e4ytettyn\u00e4 osoitteeseen info@hanauto.fi aiheella &#8221;Palautus verkkokauppaan&#8221;. Palautuslomake on saatavana suomeksi ja viroksi. Valitse [&hellip;]<\/p>\n","protected":false},"author":1,"featured_media":0,"parent":0,"menu_order":0,"comment_status":"closed","ping_status":"closed","template":"","meta":{"footnotes":""},"class_list":["post-3793","page","type-page","status-publish","hentry"],"_links":{"self":[{"href":"https:\/\/hanauto.fi\/fi\/wp-json\/wp\/v2\/pages\/3793","targetHints":{"allow":["GET"]}}],"collection":[{"href":"https:\/\/hanauto.fi\/fi\/wp-json\/wp\/v2\/pages"}],"about":[{"href":"https:\/\/hanauto.fi\/fi\/wp-json\/wp\/v2\/types\/page"}],"author":[{"embeddable":true,"href":"https:\/\/hanauto.fi\/fi\/wp-json\/wp\/v2\/users\/1"}],"replies":[{"embeddable":true,"href":"https:\/\/hanauto.fi\/fi\/wp-json\/wp\/v2\/comments?post=3793"}],"version-history":[{"count":0,"href":"https:\/\/hanauto.fi\/fi\/wp-json\/wp\/v2\/pages\/3793\/revisions"}],"wp:attachment":[{"href":"https:\/\/hanauto.fi\/fi\/wp-json\/wp\/v2\/media?parent=3793"}],"curies":[{"name":"wp","href":"https:\/\/api.w.org\/{rel}","templated":true}]}}