{"id":3795,"date":"2022-04-10T21:35:15","date_gmt":"2022-04-10T18:35:15","guid":{"rendered":"https:\/\/hanauto.fi\/tarnetingimused\/"},"modified":"2022-04-11T22:32:54","modified_gmt":"2022-04-11T19:32:54","slug":"toimitusehdot","status":"publish","type":"page","link":"https:\/\/hanauto.fi\/fi\/toimitusehdot\/","title":{"rendered":"Toimitusehdot"},"content":{"rendered":"<div class=\"wpb-content-wrapper\"><p>[vc_row][vc_column][vc_custom_heading source=&#8221;post_title&#8221; font_container=&#8221;tag:h1|text_align:center&#8221; use_theme_fonts=&#8221;yes&#8221;][vc_column_text]<strong>Toimitusehdot<\/strong><\/p>\n<p>Tuotteen saatavuus \/ toimitusaika<\/p>\n<p>HanAuto OY: n verkkosivustolla n\u00e4kyvien tuotteiden toimitusaika on 3-5 ty\u00f6p\u00e4iv\u00e4\u00e4 sen j\u00e4lkeen, kun asiakas on tehnyt ostoksen hanauo.fi-verkkokaupassa. Jos tilattuja tuotteita ei ole saatavilla tilauksen tekemisen j\u00e4lkeen tai toimitusaika viiv\u00e4styy, otamme sinuun yhteytt\u00e4 yhden ty\u00f6p\u00e4iv\u00e4n kuluessa.<\/p>\n<p>Tavarat l\u00e4hetet\u00e4\u00e4n seuraaviin maihin: Viro, Suomi, Ruotsi, Norja, Tanska, Latvia, Liettua. Tavaroiden vastaanottamiseksi ostajalla on seuraavat vaihtoehdot: DPD-kuriiri, DPD Pickup -pakettiautomaatit, SmartPOST-pakettiautomaatit. Toimituskustannuksista vastaa ostaja, ja vastaavat hintatiedot n\u00e4ytet\u00e4\u00e4n l\u00e4hetystavan vieress\u00e4.<\/p>\n<p>&nbsp;<\/p>\n<p><strong>Tavaroiden toimitus<\/strong><\/p>\n<p>Renkaat toimittaa asiakkaan haluamaan osoitteeseen HanAuto OY: n valtuuttama kuriiripalvelu. Varaosat toimitetaan asiakkaan haluamaan osoitteeseen joko kuriiripalvelun kautta tai l\u00e4het\u00e4mme tavarat asiakkaan valitsemaan SmartPOST-pakettiautomaattiin.[\/vc_column_text][\/vc_column][\/vc_row]<\/p>\n<\/div>","protected":false},"excerpt":{"rendered":"<p>[vc_row][vc_column][vc_custom_heading source=&#8221;post_title&#8221; font_container=&#8221;tag:h1|text_align:center&#8221; use_theme_fonts=&#8221;yes&#8221;][vc_column_text]Toimitusehdot Tuotteen saatavuus \/ toimitusaika HanAuto OY: n verkkosivustolla n\u00e4kyvien tuotteiden toimitusaika on 3-5 ty\u00f6p\u00e4iv\u00e4\u00e4 sen j\u00e4lkeen, kun asiakas on tehnyt ostoksen hanauo.fi-verkkokaupassa. Jos tilattuja tuotteita ei ole saatavilla tilauksen tekemisen j\u00e4lkeen tai toimitusaika viiv\u00e4styy, otamme sinuun yhteytt\u00e4 yhden ty\u00f6p\u00e4iv\u00e4n kuluessa. Tavarat l\u00e4hetet\u00e4\u00e4n seuraaviin maihin: Viro, Suomi, Ruotsi, Norja, Tanska, Latvia, Liettua. [&hellip;]<\/p>\n","protected":false},"author":1,"featured_media":0,"parent":0,"menu_order":0,"comment_status":"closed","ping_status":"closed","template":"","meta":{"footnotes":""},"class_list":["post-3795","page","type-page","status-publish","hentry"],"_links":{"self":[{"href":"https:\/\/hanauto.fi\/fi\/wp-json\/wp\/v2\/pages\/3795","targetHints":{"allow":["GET"]}}],"collection":[{"href":"https:\/\/hanauto.fi\/fi\/wp-json\/wp\/v2\/pages"}],"about":[{"href":"https:\/\/hanauto.fi\/fi\/wp-json\/wp\/v2\/types\/page"}],"author":[{"embeddable":true,"href":"https:\/\/hanauto.fi\/fi\/wp-json\/wp\/v2\/users\/1"}],"replies":[{"embeddable":true,"href":"https:\/\/hanauto.fi\/fi\/wp-json\/wp\/v2\/comments?post=3795"}],"version-history":[{"count":0,"href":"https:\/\/hanauto.fi\/fi\/wp-json\/wp\/v2\/pages\/3795\/revisions"}],"wp:attachment":[{"href":"https:\/\/hanauto.fi\/fi\/wp-json\/wp\/v2\/media?parent=3795"}],"curies":[{"name":"wp","href":"https:\/\/api.w.org\/{rel}","templated":true}]}}