{"id":3797,"date":"2022-04-10T21:35:36","date_gmt":"2022-04-10T18:35:36","guid":{"rendered":"https:\/\/hanauto.fi\/teenused\/"},"modified":"2022-04-11T22:42:54","modified_gmt":"2022-04-11T19:42:54","slug":"palvelut","status":"publish","type":"page","link":"https:\/\/hanauto.fi\/fi\/palvelut\/","title":{"rendered":"Palvelut"},"content":{"rendered":"<div class=\"wpb-content-wrapper\"><p>[vc_row][vc_column][vc_custom_heading text=&#8221;Hanauto OY:n palvelut&#8221; font_container=&#8221;tag:h1|text_align:center&#8221; use_theme_fonts=&#8221;yes&#8221;][vc_row_inner][vc_column_inner width=&#8221;5\/6&#8243;][vc_column_text el_class=&#8221;featured lead&#8221;]HanAuto OY tarjoaa erilaisia autonkorjaus- ja huoltopalveluja. Tarjoamme asiakkaillemme k\u00e4tev\u00e4n ja edullisen mahdollisuuden korjata ja huoltaa autoja. Olemme l\u00e4hell\u00e4 Paimiota Valkojalla.[\/vc_column_text][\/vc_column_inner][vc_column_inner width=&#8221;1\/6&#8243;][vc_btn title=&#8221;Ota yhteytt\u00e4&#8221; style=&#8221;3d&#8221; color=&#8221;danger&#8221; skin=&#8221;primary&#8221; link=&#8221;url:%2Ffi%2Fota-yhteytta%2F|title:Ota%20yhteytt%C3%A4&#8243;][\/vc_column_inner][\/vc_row_inner][vc_separator][\/vc_column][\/vc_row][vc_row][vc_column width=&#8221;1\/3&#8243;]<div class=\"porto-content-box featured-boxes wpb_content_element \"><div class=\"featured-box featured-box-primary featured-box-effect-1\"><div class=\"box-content\" style=\"\"><i class=\"icon-featured fas fa-tools\"><\/i>[vc_column_text]<\/p>\n<h4>Auton korjaus ja huolto<\/h4>\n<p>Tarjoamme edullisen ja joustavan autonkorjauspalvelun.<\/p>\n<p><a href=\"https:\/\/hanauto.fi\/fi\/korjaukset-ja-palvelut\/\">Lue lis\u00e4\u00e4<\/a>[\/vc_column_text]<\/div><\/div><\/div>[\/vc_column][vc_column width=&#8221;1\/3&#8243;]<div class=\"porto-content-box featured-boxes wpb_content_element \"><div class=\"featured-box featured-box-secondary featured-box-effect-1\"><div class=\"box-content\" style=\"\"><i class=\"icon-featured fas fa-cog\"><\/i>[vc_column_text]<\/p>\n<h4>Rengas ty\u00f6<\/h4>\n<p>Laaja valikoima renkaita, ja teemme my\u00f6s henkil\u00f6autojen rengas ty\u00f6t.<\/p>\n<p><a href=\"https:\/\/hanauto.fi\/fi\/rengas-tyo\/\">Lue lis\u00e4\u00e4<\/a>[\/vc_column_text]<\/div><\/div><\/div>[\/vc_column][vc_column width=&#8221;1\/3&#8243;]<div class=\"porto-content-box featured-boxes wpb_content_element \"><div class=\"featured-box featured-box-tertiary featured-box-effect-1\"><div class=\"box-content\" style=\"\"><i class=\"icon-featured fas fa-car-battery\"><\/i>[vc_column_text]<\/p>\n<h4>Varaosat<\/h4>\n<p>Tarjoamme asiakkaille sek\u00e4 uusia ett\u00e4 k\u00e4ytettyj\u00e4 varaosia edulliseen hintaan.<\/p>\n<p><a href=\"https:\/\/hanauto.fi\/fi\/varaosat\/\">Lue lis\u00e4\u00e4<\/a>[\/vc_column_text]<\/div><\/div><\/div>[\/vc_column][\/vc_row][vc_row][vc_column width=&#8221;4\/5&#8243;][vc_custom_heading text=&#8221;Miksi valita HanAuto OY&#8221; use_theme_fonts=&#8221;yes&#8221;][vc_row_inner][vc_column_inner width=&#8221;1\/2&#8243;]<div class=\"porto-sicon-box  wpb_custom_1efe903570d178ff0a9b7bfa5febd3a4 style_1 default-icon flex-wrap\"><div class=\"porto-sicon-default\"><div class=\"porto-just-icon-wrapper porto-icon advanced\" style=\"color:#ffffff;background:#1e73be;width:30px;height:30px;line-height:30px;border-radius:400px;font-size:16px;\"><i class=\"fas fa-money-bill-wave\"><\/i><\/div><\/div><div class=\"porto-sicon-header\"><h3 class=\"porto-sicon-title\" style=\"\">Edullinen hinta<\/h3><\/div> <!-- header --><div class=\"porto-sicon-description\" style=\"\">Tarjoamme laatuty\u00f6t\u00e4 huomattavasti halvemmalla kuin j\u00e4lleenmyyj\u00e4t.<\/div> <!-- description --><\/div><!-- porto-sicon-box -->[\/vc_column_inner][vc_column_inner width=&#8221;1\/2&#8243;]<div class=\"porto-sicon-box  wpb_custom_1efe903570d178ff0a9b7bfa5febd3a4 style_1 default-icon flex-wrap\"><div class=\"porto-sicon-default\"><div class=\"porto-just-icon-wrapper porto-icon advanced\" style=\"color:#ffffff;background:#1e73be;width:30px;height:30px;line-height:30px;border-radius:400px;font-size:16px;\"><i class=\"far fa-clock\"><\/i><\/div><\/div><div class=\"porto-sicon-header\"><h3 class=\"porto-sicon-title\" style=\"\">Joustavat ty\u00f6ajat<\/h3><\/div> <!-- header --><div class=\"porto-sicon-description\" style=\"\">Olemme asiakkaiden k\u00e4ytett\u00e4viss\u00e4 my\u00f6s ty\u00f6p\u00e4iv\u00e4n j\u00e4lkeen.<\/div> <!-- description --><\/div><!-- porto-sicon-box -->[\/vc_column_inner][\/vc_row_inner][vc_empty_space][vc_row_inner][vc_column_inner width=&#8221;1\/2&#8243;]<div class=\"porto-sicon-box  wpb_custom_1efe903570d178ff0a9b7bfa5febd3a4 style_1 default-icon flex-wrap\"><div class=\"porto-sicon-default\"><div class=\"porto-just-icon-wrapper porto-icon advanced\" style=\"color:#ffffff;background:#1e73be;width:30px;height:30px;line-height:30px;border-radius:400px;font-size:16px;\"><i class=\"fas fa-car-battery\"><\/i><\/div><\/div><div class=\"porto-sicon-header\"><h3 class=\"porto-sicon-title\" style=\"\">Edulliset varaosat<\/h3><\/div> <!-- header --><div class=\"porto-sicon-description\" style=\"\">Laaja valikoima korkealaatuisia varaosia edulliseen hintaan suoraan eurooppalaisilta toimittajilta.<\/div> <!-- description --><\/div><!-- porto-sicon-box -->[\/vc_column_inner][vc_column_inner width=&#8221;1\/2&#8243;]<div class=\"porto-sicon-box  wpb_custom_1efe903570d178ff0a9b7bfa5febd3a4 style_1 default-icon flex-wrap\"><div class=\"porto-sicon-default\"><div class=\"porto-just-icon-wrapper porto-icon advanced\" style=\"color:#ffffff;background:#1e73be;width:30px;height:30px;line-height:30px;border-radius:400px;font-size:16px;\"><i class=\"far fa-handshake\"><\/i><\/div><\/div><div class=\"porto-sicon-header\"><h3 class=\"porto-sicon-title\" style=\"\">Asiakkaat ensin<\/h3><\/div> <!-- header --><div class=\"porto-sicon-description\" style=\"\">Suoritamme vain sovitut korjausty\u00f6t, my\u00f6hemmin ei tule ep\u00e4miellytt\u00e4vi\u00e4 yll\u00e4tyksi\u00e4.<\/div> <!-- description --><\/div><!-- porto-sicon-box -->[\/vc_column_inner][\/vc_row_inner][vc_empty_space][vc_row_inner][vc_column_inner width=&#8221;1\/2&#8243;]<div class=\"porto-sicon-box  wpb_custom_1efe903570d178ff0a9b7bfa5febd3a4 style_1 default-icon flex-wrap\"><div class=\"porto-sicon-default\"><div class=\"porto-just-icon-wrapper porto-icon advanced\" style=\"color:#ffffff;background:#1e73be;width:30px;height:30px;line-height:30px;border-radius:400px;font-size:16px;\"><i class=\"fas fa-cog\"><\/i><\/div><\/div><div class=\"porto-sicon-header\"><h3 class=\"porto-sicon-title\" style=\"\">Laaja valikoima renkaita<\/h3><\/div> <!-- header --><div class=\"porto-sicon-description\" style=\"\">Toimitusketjussamme on useita merkitt\u00e4vi\u00e4 eurooppalaisia toimittajia &#8211; tarjoamme edullisia ja lyhyen tarjonnan renkaita.<\/div> <!-- description --><\/div><!-- porto-sicon-box -->[\/vc_column_inner][vc_column_inner width=&#8221;1\/2&#8243;]<div class=\"porto-sicon-box  wpb_custom_1efe903570d178ff0a9b7bfa5febd3a4 style_1 default-icon flex-wrap\"><div class=\"porto-sicon-default\"><div class=\"porto-just-icon-wrapper porto-icon advanced\" style=\"color:#ffffff;background:#1e73be;width:30px;height:30px;line-height:30px;border-radius:400px;font-size:16px;\"><i class=\"fas fa-exclamation\"><\/i><\/div><\/div><div class=\"porto-sicon-header\"><h3 class=\"porto-sicon-title\" style=\"\">Suuret ty\u00f6t<\/h3><\/div> <!-- header --><div class=\"porto-sicon-description\" style=\"\">Suurten t\u00f6iden tapauksessa sovimme kiinte\u00e4st\u00e4 hinnasta emmek\u00e4 ota huomioon ty\u00f6aikaa!<\/div> <!-- description --><\/div><!-- porto-sicon-box -->[\/vc_column_inner][\/vc_row_inner][\/vc_column][vc_column width=&#8221;1\/5&#8243;][vc_custom_heading text=&#8221;ja lis\u00e4\u00e4\u2026&#8221; use_theme_fonts=&#8221;yes&#8221;][vc_accordion][vc_accordion_tab title=&#8221;K\u00e4ytetyt varaosat&#8221;][vc_column_text]Asennamme my\u00f6s korjaamomme verkkokaupasta myyt\u00e4vi\u00e4 varaosia.[\/vc_column_text][\/vc_accordion_tab][vc_accordion_tab title=&#8221;Pitk\u00e4aikainen kokemus&#8221;][vc_column_text]Olemme ty\u00f6skennelleet autokorjaamojen alalla jo pitk\u00e4\u00e4n ja saaneet perusteellisen kokemuksen.[\/vc_column_text][\/vc_accordion_tab][\/vc_accordion][\/vc_column][\/vc_row]<\/p>\n<\/div>","protected":false},"excerpt":{"rendered":"<p>[vc_row][vc_column][vc_custom_heading text=&#8221;Hanauto OY:n palvelut&#8221; font_container=&#8221;tag:h1|text_align:center&#8221; use_theme_fonts=&#8221;yes&#8221;][vc_row_inner][vc_column_inner width=&#8221;5\/6&#8243;][vc_column_text el_class=&#8221;featured lead&#8221;]HanAuto OY tarjoaa erilaisia autonkorjaus- ja huoltopalveluja. Tarjoamme asiakkaillemme k\u00e4tev\u00e4n ja edullisen mahdollisuuden korjata ja huoltaa autoja. Olemme l\u00e4hell\u00e4 Paimiota Valkojalla.[\/vc_column_text][\/vc_column_inner][vc_column_inner width=&#8221;1\/6&#8243;][vc_btn title=&#8221;Ota yhteytt\u00e4&#8221; style=&#8221;3d&#8221; color=&#8221;danger&#8221; skin=&#8221;primary&#8221; link=&#8221;url:%2Ffi%2Fota-yhteytta%2F|title:Ota%20yhteytt%C3%A4&#8243;][\/vc_column_inner][\/vc_row_inner][vc_separator][\/vc_column][\/vc_row][vc_row][vc_column width=&#8221;1\/3&#8243;][\/vc_column][vc_column width=&#8221;1\/3&#8243;][\/vc_column][vc_column width=&#8221;1\/3&#8243;][\/vc_column][\/vc_row][vc_row][vc_column width=&#8221;4\/5&#8243;][vc_custom_heading text=&#8221;Miksi valita HanAuto OY&#8221; use_theme_fonts=&#8221;yes&#8221;][vc_row_inner][vc_column_inner width=&#8221;1\/2&#8243;][\/vc_column_inner][vc_column_inner width=&#8221;1\/2&#8243;][\/vc_column_inner][\/vc_row_inner][vc_empty_space][vc_row_inner][vc_column_inner width=&#8221;1\/2&#8243;][\/vc_column_inner][vc_column_inner width=&#8221;1\/2&#8243;][\/vc_column_inner][\/vc_row_inner][vc_empty_space][vc_row_inner][vc_column_inner width=&#8221;1\/2&#8243;][\/vc_column_inner][vc_column_inner width=&#8221;1\/2&#8243;][\/vc_column_inner][\/vc_row_inner][\/vc_column][vc_column width=&#8221;1\/5&#8243;][vc_custom_heading text=&#8221;ja lis\u00e4\u00e4\u2026&#8221; use_theme_fonts=&#8221;yes&#8221;][vc_accordion][vc_accordion_tab [&hellip;]<\/p>\n","protected":false},"author":1,"featured_media":0,"parent":0,"menu_order":0,"comment_status":"closed","ping_status":"closed","template":"","meta":{"footnotes":""},"class_list":["post-3797","page","type-page","status-publish","hentry"],"_links":{"self":[{"href":"https:\/\/hanauto.fi\/fi\/wp-json\/wp\/v2\/pages\/3797","targetHints":{"allow":["GET"]}}],"collection":[{"href":"https:\/\/hanauto.fi\/fi\/wp-json\/wp\/v2\/pages"}],"about":[{"href":"https:\/\/hanauto.fi\/fi\/wp-json\/wp\/v2\/types\/page"}],"author":[{"embeddable":true,"href":"https:\/\/hanauto.fi\/fi\/wp-json\/wp\/v2\/users\/1"}],"replies":[{"embeddable":true,"href":"https:\/\/hanauto.fi\/fi\/wp-json\/wp\/v2\/comments?post=3797"}],"version-history":[{"count":0,"href":"https:\/\/hanauto.fi\/fi\/wp-json\/wp\/v2\/pages\/3797\/revisions"}],"wp:attachment":[{"href":"https:\/\/hanauto.fi\/fi\/wp-json\/wp\/v2\/media?parent=3797"}],"curies":[{"name":"wp","href":"https:\/\/api.w.org\/{rel}","templated":true}]}}