{"id":3801,"date":"2022-04-10T21:38:35","date_gmt":"2022-04-10T18:38:35","guid":{"rendered":"https:\/\/hanauto.fi\/varuosad\/"},"modified":"2022-04-11T22:54:12","modified_gmt":"2022-04-11T19:54:12","slug":"varaosat","status":"publish","type":"page","link":"https:\/\/hanauto.fi\/fi\/varaosat\/","title":{"rendered":"Varaosat"},"content":{"rendered":"<div class=\"wpb-content-wrapper\"><p>[vc_row][vc_column][vc_custom_heading source=&#8221;post_title&#8221; font_container=&#8221;tag:h1|text_align:center&#8221; use_theme_fonts=&#8221;yes&#8221;][\/vc_column][\/vc_row][vc_row][vc_column][\/vc_column][\/vc_row][vc_row][vc_column]<div class=\"porto-content-box featured-boxes wpb_content_element \"><div class=\"featured-box featured-box-primary  align-left\"><div class=\"box-content\" style=\"\"><div class=\"porto-sicon-box  wpb_custom_1efe903570d178ff0a9b7bfa5febd3a4 style_1 left-icon\"><div class=\"porto-sicon-left\"><div class=\"porto-just-icon-wrapper porto-sicon-img  porto-icon-9f5d1cfb45d27d96b50bf473aebba227\" style=\"font-size: 60px;\"><img decoding=\"async\" class=\"img-icon\" alt=\"\" src=\"https:\/\/hanauto.fi\/wp-content\/uploads\/2022\/04\/logo-new-parts.png\" width=\"60\" height=\"64\" \/><\/div><\/div><div class=\"porto-sicon-body\"><div class=\"porto-sicon-header\"><h3 class=\"porto-sicon-title\" style=\"\">Auton osat<\/h3><\/div> <!-- header --><div class=\"porto-sicon-description\" style=\"\">Hanauto OY ty\u00f6skentelee suurten autojen varaosien ja lis\u00e4varusteiden toimittajien kanssa Euroopassa. T\u00e4m\u00e4n ansiosta voimme tarjota asiakkaillemme nopean toimitusajan ja eritt\u00e4in edulliset hinnat sek\u00e4 OEM-varaosille ett\u00e4 halvemmille B-luokan varaosille. Toimitusketjussamme tilataan varaosia melkein kaikkiin automerkkeihin ja malleihin. Verkkosivustomme tilauslomaketta k\u00e4ytt\u00e4m\u00e4ll\u00e4 voit l\u00e4hett\u00e4\u00e4 varaosahintapyynn\u00f6n, johon vastaamme yleens\u00e4 yhden ty\u00f6p\u00e4iv\u00e4n kuluessa.<\/p>\n<p><a href=\"https:\/\/hanauto.fi\/fi\/uudet-varaosat\/\">Tilaa uusia auton osia \u00bb<\/a><\/div> <!-- description --><\/div><\/div><!-- porto-sicon-box --><\/div><\/div><\/div><div class=\"porto-content-box featured-boxes wpb_content_element \"><div class=\"featured-box featured-box-primary  align-left\"><div class=\"box-content\" style=\"\"><div class=\"porto-sicon-box  wpb_custom_1efe903570d178ff0a9b7bfa5febd3a4 style_1 left-icon\"><div class=\"porto-sicon-left\"><div class=\"porto-just-icon-wrapper porto-sicon-img  porto-icon-9f5d1cfb45d27d96b50bf473aebba227\" style=\"font-size: 60px;\"><img decoding=\"async\" class=\"img-icon\" alt=\"\" src=\"https:\/\/hanauto.fi\/wp-content\/uploads\/2022\/04\/logo-used-parts.png\" width=\"60\" height=\"58\" \/><\/div><\/div><div class=\"porto-sicon-body\"><div class=\"porto-sicon-header\"><h3 class=\"porto-sicon-title\" style=\"\">K\u00e4ytetyt osat<\/h3><\/div> <!-- header --><div class=\"porto-sicon-description\" style=\"\">Hanauto OY: n tuotevalikoima sis\u00e4lt\u00e4\u00e4 suuren m\u00e4\u00e4r\u00e4n erilaisia k\u00e4ytettyj\u00e4 ja v\u00e4h\u00e4n k\u00e4ytettyj\u00e4 varaosia, jotka ovat toimintakunnossa ja k\u00e4ytt\u00f6valmiita. K\u00e4ytetyt varaosat kuuluvat tuotevalikoimaan useista eri syist\u00e4:<\/p>\n<ul>\n<li>V\u00e4\u00e4rin tilattu varaosa &#8211; paketti on auki ja koottu kerran, mutta sit\u00e4 ei k\u00e4ytetty.<\/li>\n<li>Varaosat, jotka on vaihdettu toimintakunnossa (esim. Vian havaitsemisen aikana).<\/li>\n<li>Toimivissa luovutusautoissa puretut varaosat.<\/li>\n<\/ul>\n<p>K\u00e4ytetyt varaosat ovat verkkokaupassamme, jotta tilaaminen on helppoa ja nopeaa.<\/p>\n<p><a href=\"https:\/\/hanauto.fi\/fi\/kaytetyt-varaosat\/\">K\u00e4ytetyt varaosat verkkokaupassamme \u00bb<\/a><\/div> <!-- description --><\/div><\/div><!-- porto-sicon-box --><\/div><\/div><\/div>[\/vc_column][\/vc_row]<\/p>\n<\/div>","protected":false},"excerpt":{"rendered":"<p>[vc_row][vc_column][vc_custom_heading source=&#8221;post_title&#8221; font_container=&#8221;tag:h1|text_align:center&#8221; use_theme_fonts=&#8221;yes&#8221;][\/vc_column][\/vc_row][vc_row][vc_column][\/vc_column][\/vc_row][vc_row][vc_column][\/vc_column][\/vc_row]<\/p>\n","protected":false},"author":1,"featured_media":0,"parent":0,"menu_order":0,"comment_status":"closed","ping_status":"closed","template":"","meta":{"footnotes":""},"class_list":["post-3801","page","type-page","status-publish","hentry"],"_links":{"self":[{"href":"https:\/\/hanauto.fi\/fi\/wp-json\/wp\/v2\/pages\/3801","targetHints":{"allow":["GET"]}}],"collection":[{"href":"https:\/\/hanauto.fi\/fi\/wp-json\/wp\/v2\/pages"}],"about":[{"href":"https:\/\/hanauto.fi\/fi\/wp-json\/wp\/v2\/types\/page"}],"author":[{"embeddable":true,"href":"https:\/\/hanauto.fi\/fi\/wp-json\/wp\/v2\/users\/1"}],"replies":[{"embeddable":true,"href":"https:\/\/hanauto.fi\/fi\/wp-json\/wp\/v2\/comments?post=3801"}],"version-history":[{"count":0,"href":"https:\/\/hanauto.fi\/fi\/wp-json\/wp\/v2\/pages\/3801\/revisions"}],"wp:attachment":[{"href":"https:\/\/hanauto.fi\/fi\/wp-json\/wp\/v2\/media?parent=3801"}],"curies":[{"name":"wp","href":"https:\/\/api.w.org\/{rel}","templated":true}]}}