{"id":3857,"date":"2022-04-10T21:29:31","date_gmt":"2022-04-10T18:29:31","guid":{"rendered":"https:\/\/hanauto.fi\/autoremont-ja-hooldus\/"},"modified":"2022-04-11T22:48:12","modified_gmt":"2022-04-11T19:48:12","slug":"korjaukset-ja-palvelut","status":"publish","type":"page","link":"https:\/\/hanauto.fi\/fi\/korjaukset-ja-palvelut\/","title":{"rendered":"Korjaukset ja palvelut"},"content":{"rendered":"<div class=\"wpb-content-wrapper\"><p>[vc_row][vc_column][vc_custom_heading source=&#8221;post_title&#8221; font_container=&#8221;tag:h1|text_align:center&#8221; use_theme_fonts=&#8221;yes&#8221;][\/vc_column][\/vc_row][vc_row][vc_column][vc_column_text]Hanauton ty\u00f6pajalla teemme erilaisia autojen huolto- ja korjaust\u00f6it\u00e4. Yksinkertaisista teht\u00e4vist\u00e4, kuten moottorin \u00f6ljynvaihto ja jarrujen huolto, monimutkaisempiin t\u00f6ihin, kuten moottorin ja vaihteiston vaihtoon tai koko moottorin kunnostukseen. Tarjoamme asiakkaillemme joustavaa l\u00e4hestymistapaa ty\u00f6aikamme kanssa &#8211; kun ty\u00f6p\u00e4iv\u00e4si on ohi, meid\u00e4n ty\u00f6p\u00e4iv\u00e4 alkaa. Voit ottaa meihin yhteytt\u00e4 my\u00f6s iltaisin ja viikonloppuisin &#8211; soita meille ja l\u00f6yd\u00e4mme ratkaisut kaikkiin ongelmiin. Tietenkin arvostamme tyytyv\u00e4isyytt\u00e4si. T\u00e4m\u00e4n seurauksena monista t\u00f6ist\u00e4 palkka on neuvoteltavissa etuk\u00e4teen, eik\u00e4 sinun tarvitse maksaa ty\u00f6ajan pident\u00e4misest\u00e4 ylivoimaisen esteen vuoksi, mutta riski j\u00e4\u00e4 meille.[\/vc_column_text][\/vc_column][\/vc_row][vc_row][vc_column]<div class=\"porto-content-box featured-boxes wpb_content_element \"><div class=\"featured-box featured-box-primary  align-left\"><div class=\"box-content\" style=\"\"><div class=\"porto-sicon-box  wpb_custom_1efe903570d178ff0a9b7bfa5febd3a4 style_1 left-icon\"><div class=\"porto-sicon-left\"><div class=\"porto-just-icon-wrapper porto-sicon-img  porto-icon-9f5d1cfb45d27d96b50bf473aebba227\" style=\"font-size: 60px;\"><img decoding=\"async\" class=\"img-icon\" alt=\"\" src=\"https:\/\/hanauto.fi\/wp-content\/uploads\/2022\/04\/logo-car-repair.png\" width=\"60\" height=\"68\" \/><\/div><\/div><div class=\"porto-sicon-body\"><div class=\"porto-sicon-header\"><h3 class=\"porto-sicon-title\" style=\"\">Korjaukset ja palvelut<\/h3><\/div> <!-- header --><div class=\"porto-sicon-description\" style=\"\">Teemme erilaisia autojen huolto- ja korjaust\u00f6it\u00e4. Olipa kyseess\u00e4 \u00f6ljynvaihto, jarrutusty\u00f6 tai juoksupy\u00f6r\u00e4n osien vaihto. Tarjoamme palvelua sek\u00e4 uusille ett\u00e4 vanhoille autoille. Asiakkailla on my\u00f6s mahdollisuus ostaa meilt\u00e4 varaosia edulliseen hintaan.<\/p>\n<p>Suoritamme my\u00f6s perusteellisen diagnoosin eri automerkkeille &#8211; sek\u00e4 lukemalla virhekoodit ett\u00e4 selitt\u00e4m\u00e4ll\u00e4 vakavampien ongelmien syyt.<\/div> <!-- description --><\/div><\/div><!-- porto-sicon-box --><\/div><\/div><\/div><div class=\"porto-content-box featured-boxes wpb_content_element \"><div class=\"featured-box featured-box-primary  align-left\"><div class=\"box-content\" style=\"\"><div class=\"porto-sicon-box  wpb_custom_1efe903570d178ff0a9b7bfa5febd3a4 style_1 left-icon\"><div class=\"porto-sicon-left\"><div class=\"porto-just-icon-wrapper porto-sicon-img  porto-icon-9f5d1cfb45d27d96b50bf473aebba227\" style=\"font-size: 60px;\"><img decoding=\"async\" class=\"img-icon\" alt=\"\" src=\"https:\/\/hanauto.fi\/wp-content\/uploads\/2022\/04\/logo-car-tyre-inflate.png\" width=\"60\" height=\"57\" \/><\/div><\/div><div class=\"porto-sicon-body\"><div class=\"porto-sicon-header\"><h3 class=\"porto-sicon-title\" style=\"\">Rengas ty\u00f6t<\/h3><\/div> <!-- header --><div class=\"porto-sicon-description\" style=\"\">Hanauto OY tarjoaa rengasvaihtoa Paimiosissa. Palvelumme sis\u00e4lt\u00e4\u00e4:<\/p>\n<ul>\n<li>Renkaiden purkaminen ja kokoaminen<\/li>\n<li>Py\u00f6r\u00e4n tasapainotus<\/li>\n<li>Py\u00f6r\u00e4n vaihto<\/li>\n<\/ul>\n<p>Varaus huolto- tai rengast\u00f6ihin <a href=\"https:\/\/hanauto.fi\/fi\/paikanvaraus\/\">online-varausj\u00e4rjestelm\u00e4n kautta<\/a>.<\/div> <!-- description --><\/div><\/div><!-- porto-sicon-box --><\/div><\/div><\/div><div class=\"porto-content-box featured-boxes wpb_content_element \"><div class=\"featured-box featured-box-primary  align-left\"><div class=\"box-content\" style=\"\"><div class=\"porto-sicon-box  wpb_custom_1efe903570d178ff0a9b7bfa5febd3a4 style_1 left-icon\"><div class=\"porto-sicon-left\"><div class=\"porto-just-icon-wrapper porto-sicon-img  porto-icon-9f5d1cfb45d27d96b50bf473aebba227\" style=\"font-size: 60px;\"><img decoding=\"async\" class=\"img-icon\" alt=\"\" src=\"https:\/\/hanauto.fi\/wp-content\/uploads\/2022\/04\/log-car-gearbox.png\" width=\"60\" height=\"53\" \/><\/div><\/div><div class=\"porto-sicon-body\"><div class=\"porto-sicon-header\"><h3 class=\"porto-sicon-title\" style=\"\">Vaihteiston \u00f6ljynvaihto<\/h3><\/div> <!-- header --><div class=\"porto-sicon-description\" style=\"\">Vaihdamme \u00f6ljyn henkil\u00f6autojen, maastoautojen, pakettiautojen ja pikkubussien vaihdelaatikoissa. Vaihdamme \u00f6ljyn k\u00e4sivaihteistoihin, automaattivaihteistoihin (turbiini, DSG) ja robottivaihteistoihin. Parhaan tuloksen saavuttamiseksi k\u00e4yt\u00e4mme uusia ja moderneja laitteita.<\/div> <!-- description --><\/div><\/div><!-- porto-sicon-box --><\/div><\/div><\/div><div class=\"porto-content-box featured-boxes wpb_content_element \"><div class=\"featured-box featured-box-primary  align-left\"><div class=\"box-content\" style=\"\"><div class=\"porto-sicon-box  wpb_custom_1efe903570d178ff0a9b7bfa5febd3a4 style_1 left-icon\"><div class=\"porto-sicon-left\"><div class=\"porto-just-icon-wrapper porto-sicon-img  porto-icon-9f5d1cfb45d27d96b50bf473aebba227\" style=\"font-size: 60px;\"><img decoding=\"async\" class=\"img-icon\" alt=\"\" src=\"https:\/\/hanauto.fi\/wp-content\/uploads\/2022\/04\/logo-car-engine.png\" width=\"60\" height=\"45\" \/><\/div><\/div><div class=\"porto-sicon-body\"><div class=\"porto-sicon-header\"><h3 class=\"porto-sicon-title\" style=\"\">Suuria korjauksia<\/h3><\/div> <!-- header --><div class=\"porto-sicon-description\" style=\"\">Hanauto suorittaa useita suuria korjauksia, jotka muissa ty\u00f6pajoissa ovat usein liian kalliita, koska ne viev\u00e4t suhteellisen kauan. T\u00e4llainen ty\u00f6 sis\u00e4lt\u00e4\u00e4 esimerkiksi:<\/p>\n<ul>\n<li>Moottorin vaihto<\/li>\n<li>Vaihteiston vaihto<\/li>\n<li>Moottorin peruskorjaus<\/li>\n<\/ul>\n<p>Suurten t\u00f6iden tapauksessa emme ota huomioon tehtyj\u00e4 tunteja, vaan sovimme ennalta vahvistetusta palkasta koko ty\u00f6st\u00e4. Voimme my\u00f6s auttaa asiakkaita l\u00f6yt\u00e4m\u00e4\u00e4n sek\u00e4 uusia ett\u00e4 k\u00e4ytettyj\u00e4 varaosia.<\/div> <!-- description --><\/div><\/div><!-- porto-sicon-box --><\/div><\/div><\/div><div class=\"porto-content-box featured-boxes wpb_content_element \"><div class=\"featured-box featured-box-quaternary  align-left\"><div class=\"box-content\" style=\"\"><div class=\"porto-sicon-box  wpb_custom_1efe903570d178ff0a9b7bfa5febd3a4 style_1 left-icon\"><div class=\"porto-sicon-left\"><div class=\"porto-just-icon-wrapper porto-sicon-img  porto-icon-9f5d1cfb45d27d96b50bf473aebba227\" style=\"font-size: 60px;\"><img decoding=\"async\" class=\"img-icon\" alt=\"\" src=\"https:\/\/hanauto.fi\/wp-content\/uploads\/2022\/04\/logo-price-list.png\" width=\"60\" height=\"68\" \/><\/div><\/div><div class=\"porto-sicon-body\"><div class=\"porto-sicon-header\"><h3 class=\"porto-sicon-title\" style=\"\">Hinta lista<\/h3><\/div> <!-- header --><div class=\"porto-sicon-description\" style=\"\">Hanauto OY palveluhinnat:<\/p>\n<table class=\"table table-striped table-bordreder table-hover\">\n<tbody>\n<tr>\n<td>Korjaustunti<\/td>\n<td>40 \u20ac<\/td>\n<\/tr>\n<tr>\n<td>Moottorin \u00f6ljynvaihto (lukuun ottamatta \u00f6ljy\u00e4 ja suodatinta)<\/td>\n<td>20 \u20ac<\/td>\n<\/tr>\n<tr>\n<td>Vaihteiston \u00f6ljynvaihto (lukuun ottamatta \u00f6ljy\u00e4 ja suodatinta)<\/td>\n<td>80 \u20ac<\/td>\n<\/tr>\n<tr>\n<td>Suuret korjaukset<\/td>\n<td>Sopimuksen mukaan<\/td>\n<\/tr>\n<tr>\n<td>Rengasvaihto (4 rengasta)<\/td>\n<td>40 \u20ac<\/td>\n<\/tr>\n<\/tbody>\n<\/table>\n<p><\/div> <!-- description --><\/div><\/div><!-- porto-sicon-box --><\/div><\/div><\/div>[\/vc_column][\/vc_row]<\/p>\n<\/div>","protected":false},"excerpt":{"rendered":"<p>[vc_row][vc_column][vc_custom_heading source=&#8221;post_title&#8221; font_container=&#8221;tag:h1|text_align:center&#8221; use_theme_fonts=&#8221;yes&#8221;][\/vc_column][\/vc_row][vc_row][vc_column][vc_column_text]Hanauton ty\u00f6pajalla teemme erilaisia autojen huolto- ja korjaust\u00f6it\u00e4. Yksinkertaisista teht\u00e4vist\u00e4, kuten moottorin \u00f6ljynvaihto ja jarrujen huolto, monimutkaisempiin t\u00f6ihin, kuten moottorin ja vaihteiston vaihtoon tai koko moottorin kunnostukseen. Tarjoamme asiakkaillemme joustavaa l\u00e4hestymistapaa ty\u00f6aikamme kanssa &#8211; kun ty\u00f6p\u00e4iv\u00e4si on ohi, meid\u00e4n ty\u00f6p\u00e4iv\u00e4 alkaa. Voit ottaa meihin yhteytt\u00e4 my\u00f6s iltaisin ja viikonloppuisin &#8211; soita meille [&hellip;]<\/p>\n","protected":false},"author":1,"featured_media":0,"parent":0,"menu_order":0,"comment_status":"closed","ping_status":"closed","template":"","meta":{"footnotes":""},"class_list":["post-3857","page","type-page","status-publish","hentry"],"_links":{"self":[{"href":"https:\/\/hanauto.fi\/fi\/wp-json\/wp\/v2\/pages\/3857","targetHints":{"allow":["GET"]}}],"collection":[{"href":"https:\/\/hanauto.fi\/fi\/wp-json\/wp\/v2\/pages"}],"about":[{"href":"https:\/\/hanauto.fi\/fi\/wp-json\/wp\/v2\/types\/page"}],"author":[{"embeddable":true,"href":"https:\/\/hanauto.fi\/fi\/wp-json\/wp\/v2\/users\/1"}],"replies":[{"embeddable":true,"href":"https:\/\/hanauto.fi\/fi\/wp-json\/wp\/v2\/comments?post=3857"}],"version-history":[{"count":0,"href":"https:\/\/hanauto.fi\/fi\/wp-json\/wp\/v2\/pages\/3857\/revisions"}],"wp:attachment":[{"href":"https:\/\/hanauto.fi\/fi\/wp-json\/wp\/v2\/media?parent=3857"}],"curies":[{"name":"wp","href":"https:\/\/api.w.org\/{rel}","templated":true}]}}