{"id":3860,"date":"2022-04-10T21:24:36","date_gmt":"2022-04-10T18:24:36","guid":{"rendered":"https:\/\/hanauto.fi\/kasutustingimused\/"},"modified":"2022-04-11T22:35:21","modified_gmt":"2022-04-11T19:35:21","slug":"kayttoehdot","status":"publish","type":"page","link":"https:\/\/hanauto.fi\/fi\/kayttoehdot\/","title":{"rendered":"K\u00e4ytt\u00f6ehdot"},"content":{"rendered":"<div class=\"wpb-content-wrapper\"><p>[vc_row][vc_column][vc_custom_heading text=&#8221;Ehdot ja s\u00e4\u00e4nn\u00f6t&#8221; font_container=&#8221;tag:h1|text_align:left&#8221; use_theme_fonts=&#8221;yes&#8221;][vc_column_text]<\/p>\n<h3 id=\"veebipoe-mu\u0308u\u0308gitingimused\">Ehdot ja s\u00e4\u00e4nn\u00f6t<\/h3>\n<p>Verkkokaupan https:\/\/hanauto.fi(t\u00e4st\u00e4 eteenp\u00e4in k\u00e4ytet\u00e4\u00e4n nimi\u00e4 verkkokauppa) omistaja on 2798807-1 (rekisteri koodi),\u00a0 sijainti Tiemestarintie 68, 21510 Paimio, Suomi.[\/vc_column_text][vc_column_text]<strong>Myyntisopimuksen p\u00e4tevyys, tuote- ja hintatiedot<\/strong><\/p>\n<p>Myyntiehdot koskevat tavaroiden ostamista verkkokaupasta.<\/p>\n<p>Verkkokaupassa myyt\u00e4vien tuotteiden hinnat ilmoitetaan tuotteiden vieress\u00e4. Hintaan lis\u00e4t\u00e4\u00e4n toimitusmaksu.<\/p>\n<p>Toimituskulut riippuvat ostajan sijainnista ja toimitustavasta. Toimituskulut n\u00e4ytet\u00e4\u00e4n, kun ostaja tekee tilauksen.<\/p>\n<p>Kaikki hinnat ovat euroissa(\u20ac)<\/p>\n<p>Tuotetiedot annetaan heti tuotteen vieress\u00e4 verkkokaupassa.[\/vc_column_text][vc_column_text]<strong>Tilauksen tekeminen<\/strong><\/p>\n<p>Lis\u00e4\u00e4 haluamasi tuotteet ostoskoriin tilataksesi ne. T\u00e4yt\u00e4 kaikki vaaditut kent\u00e4t ja valitse tilauksen viimeistelyyn sopivin toimitustapa. Kokonaiskustannukset n\u00e4ytet\u00e4\u00e4n sitten n\u00e4yt\u00f6ll\u00e4. T\u00e4m\u00e4 voidaan maksaa turvallisesti seuraavilla Montonio O\u00dc: n tarjoamilla maksutavoilla:<\/p>\n<ul>\n<li>Virolaiset pankkilinkit: Swedbank, SEB, Luminor, LHV, Coop Pank<\/li>\n<li>Latvian pankkilinkit: Swedbank, SEB, Citadele ja Luminor<\/li>\n<li>Liettuan pankkilinkit: Swedbank, SEB ja Luminor<\/li>\n<li>Suomalaiset pankkilinkit: Aktia, \u00c5landsbanken, Danske, Handelsbanken, Nordea, Oma S\u00e4\u00e4st\u00f6pankki, Pohjala, POP Pankki, S-Pankki, S\u00e4\u00e4st\u00f6pankki<\/li>\n<li>Via\/MasterCard luottokortti maksut<\/li>\n<\/ul>\n<p>HUOM! Kun k\u00e4yt\u00e4t pankkilinkin maksua, vahvista tilaus ja napsauta sitten &#8221;Palaa kauppiaalle&#8221; -painiketta.<\/p>\n<p>Maksujen suorittamiseen tarvittavat henkil\u00f6tiedot siirret\u00e4\u00e4n valtuutetulle k\u00e4sittelij\u00e4lle Montonio O\u00dc: lle. Sopimus tulee voimaan, kun maksettava summa siirret\u00e4\u00e4n verkkokaupan pankkitilille.<\/p>\n<p>Jos emme voi toimittaa tilattuja tavaroita sen vuoksi ett\u00e4 ovat loppu varastosta tai jostain muusta syyst\u00e4, ostajalle ilmoitetaan asiasta mahdollisimman pian ja maksetut rahat (mukaan lukien l\u00e4hetyskulut) hyvitet\u00e4\u00e4n nopeasti, mutta viimeist\u00e4\u00e4n 14 p\u00e4iv\u00e4n kuluessa ilmoituksen vastaanottamisesta.[\/vc_column_text][vc_column_text]<strong>L\u00e4hetys<\/strong><\/p>\n<p>Tavarat l\u00e4hetet\u00e4\u00e4n seuraaviin maihin: Suomi, Viro, Ruotsi, Norja, Tanska, Liettua, Latvia.<\/p>\n<p>Ostaja vastaa toimituskulusta, ja vastaavat hintatiedot n\u00e4ytet\u00e4\u00e4n l\u00e4hetystavan vieress\u00e4.<\/p>\n<p>Kaikki Viron sis\u00e4iset toimitukset saapuvat yleens\u00e4 ostajan m\u00e4\u00e4rittelem\u00e4\u00e4n m\u00e4\u00e4r\u00e4np\u00e4\u00e4h\u00e4n 4-5 ty\u00f6p\u00e4iv\u00e4n kuluessa myyntisopimuksen voimaantulop\u00e4iv\u00e4st\u00e4. Kaikki toimitukset Viron ulkopuolella taataan saapuvan 7 kalenterip\u00e4iv\u00e4n kuluessa. Meill\u00e4 on oikeus l\u00e4hett\u00e4\u00e4 tuotteita 45 kalenterip\u00e4iv\u00e4n kuluessa poikkeustapauksissa.[\/vc_column_text][vc_column_text]<strong>Peruuttamisoikeus<\/strong><\/p>\n<p>Saatuaan tilauksen ostajalla on oikeus peruuttaa verkkokaupan kanssa tehty sopimus 14 p\u00e4iv\u00e4n kuluessa.<\/p>\n<p>Peruuttamisoikeutta ei sovelleta, jos ostaja on oikeushenkil\u00f6.<\/p>\n<p>14 p\u00e4iv\u00e4n peruutusoikeuden k\u00e4ytt\u00e4miseksi et saa k\u00e4ytt\u00e4\u00e4 tilattuja tavaroita muulla tavalla kuin on v\u00e4ltt\u00e4m\u00e4t\u00f6nt\u00e4 tavaroiden luonteen, ominaisuuksien ja toiminnan varmistamiseksi samalla tavalla kuin sinulla olisi mahdollisuus testata tavaroita varsinaisessa myym\u00e4l\u00e4ss\u00e4.<\/p>\n<p>Jos tavaroita on k\u00e4ytetty mihink\u00e4\u00e4n muuhun tarkoitukseen kuin on v\u00e4ltt\u00e4m\u00e4t\u00f6nt\u00e4 tavaroiden luonteen, ominaisuuksien ja toiminnan varmistamiseksi tai jos k\u00e4yt\u00f6n tai kulumisen merkkej\u00e4 on, verkkokaupalla on oikeus alentaa palautettavaa m\u00e4\u00e4r\u00e4\u00e4 tavaroiden arvon laskun mukaisesti.<\/p>\n<p>Tavaroiden palauttamiseksi sinun on toimitettava peruuttamisilmoitus (jonka lomake l\u00f6ytyy t\u00e4\u00e4lt\u00e4: Palautusehdot s\u00e4hk\u00f6postiosoitteeseen 14 p\u00e4iv\u00e4n kuluessa tavaran vastaanottamisesta.<\/p>\n<p>Ostaja vastaa tavaroiden palautuskustannuksista, paitsi tapauksissa, joissa palautuksen syy on se, ett\u00e4 palautettava tuote ei t\u00e4yt\u00e4 tilausta (esim. V\u00e4\u00e4r\u00e4 tai viallinen tuote).<\/p>\n<p>Ostajan on palautettava tavarat 14 p\u00e4iv\u00e4n kuluessa peruuttamisilmoituksen j\u00e4tt\u00e4misest\u00e4 tai esitett\u00e4v\u00e4 todisteet siit\u00e4, ett\u00e4 h\u00e4n on luovuttanut tavarat kuljetusyritykselle edell\u00e4 mainitussa ajassa.<\/p>\n<p>Vastaanotettuaan palautetut tavarat verkkokaupan on palautettava ostajalle v\u00e4litt\u00f6m\u00e4sti, mutta viimeist\u00e4\u00e4n 14 p\u00e4iv\u00e4n kuluttua, kaikki ostajalta sopimuksen perusteella saadut maksut.<\/p>\n<p>Verkkokaupalla on oikeus kielt\u00e4yty\u00e4 hyvityksest\u00e4, kunnes palautettavat tavarat on vastaanotettu tai kunnes ostaja on esitt\u00e4nyt todisteet tuotteiden palauttamisesta sen mukaan, kumpi tapahtuu ensin.<\/p>\n<p>Jos ostaja on selv\u00e4sti valinnut eri l\u00e4hetysmuodon kuin verkkokaupan tarjoama edullisin tavallinen l\u00e4hetysmuoto, myym\u00e4l\u00e4n ei tarvitse korvata tavanomaisia toimituskuluja ylitt\u00e4vi\u00e4 kustannuksia.<\/p>\n<p>Verkkokaupalla on oikeus vet\u00e4yty\u00e4 myynnist\u00e4 ja vaatia ostajan palauttamaan tuotteet, jos tavaroiden merkitty hinta verkkokaupassa on virheen vuoksi merkitt\u00e4v\u00e4sti alhaisempi kuin tavaroiden markkinahinta.[\/vc_column_text][vc_column_text]<strong>Vialliset tavarat<\/strong><\/p>\n<p>Verkkokauppa vastaa laiminly\u00f6nnist\u00e4 myytyjen tavaroiden ostajalle k\u00e4ytt\u00f6ehdot sopimuksesta tai puutteita, jotka oli jo olemassa toimitushetkell\u00e4 ja jotka esiintyv\u00e4t kahden vuoden kuluessa tavaran toimittamisesta ostajalle. Ensimm\u00e4isten kuuden kuukauden kuluessa toimituksesta oletetaan, ett\u00e4 vika oli l\u00e4sn\u00e4 toimitushetkell\u00e4. Verkkokaupan vastuulla on osoittaa toisin.<\/p>\n<p>Ostajalla on oikeus k\u00e4\u00e4nty\u00e4 verkkokauppaan kahden kuukauden kuluessa vian ilmenemisest\u00e4 l\u00e4hett\u00e4m\u00e4ll\u00e4 s\u00e4hk\u00f6postia osoitteeseen info@hanauto.fi tai soittamalla 044 474 7651.<\/p>\n<p>Verkkokauppa ei ole vastuussa mahdollisista puutteista, jotka johtuvat tavaran toimittamisesta ostajalle.<\/p>\n<p>Jos verkkokaupasta ostetuilla tuotteilla on vikoja, joista verkkokauppa on vastuussa, verkkokauppa korjaa tai vaihtaa vialliset tuotteet. Jos tavaroita ei voida korjata tai vaihtaa, verkkokauppa palauttaa ostajalle kaikki myyntisopimukseen liittyv\u00e4t maksut.<\/p>\n<p>Verkkokauppa vastaa kuluttajan valitukseen kirjallisesti tai kirjallisen j\u00e4ljent\u00e4misen mahdollistavassa muodossa 15 p\u00e4iv\u00e4n kuluessa.[\/vc_column_text][vc_column_text]<strong>Henkil\u00f6tietojen suoramarkkinointi ja k\u00e4sittely<\/strong><\/p>\n<p>Verkkokauppa k\u00e4ytt\u00e4\u00e4 ostajan antamia henkil\u00f6tietoja vain tilauksen k\u00e4sittelemiseen ja tavaroiden l\u00e4hett\u00e4miseen ostajalle. Verkkokauppa v\u00e4litt\u00e4\u00e4 henkil\u00f6tiedot kuljetuspalvelun tarjoajalle tavaroiden toimittamiseksi.<\/p>\n<p>Verkkokauppa l\u00e4hett\u00e4\u00e4 uutiskirjeit\u00e4 ja tarjouksia ostajan s\u00e4hk\u00f6postiosoitteeseen vain, jos ostaja on ilmaissut haluavansa vastaanottaa niit\u00e4 kirjoittamalla s\u00e4hk\u00f6postiosoitteensa verkkosivustolle ja ilmoittamalla haluavansa vastaanottaa suoraa postia.<\/p>\n<p>Ostaja voi milloin tahansa kielt\u00e4yty\u00e4 s\u00e4hk\u00f6postiosoitteeseen l\u00e4hetetyist\u00e4 tarjouksista ja uutiskirjeist\u00e4 ilmoittamalla siit\u00e4 meille s\u00e4hk\u00f6postitse tai seuraamalla tarjouksen sis\u00e4lt\u00e4v\u00e4n s\u00e4hk\u00f6postin ohjeita.[\/vc_column_text][vc_column_text]<strong>Erimielisyyksien selvitt\u00e4minen<\/strong><\/p>\n<p>Kaikki ostajan verkkokauppaa koskevat valitukset on l\u00e4hetett\u00e4v\u00e4 s\u00e4hk\u00f6postitse tai soittamalla..<\/p>\n<p>Jos ostaja ja verkkokauppa eiv\u00e4t pysty ratkaisemaan erimielisyytt\u00e4 sopimuksella, ostaja voi ottaa yhteytt\u00e4 kuluttajariitakomiteaan. Kuluttajariitakomitea on toimivaltainen ratkaisemaan ostajan ja verkkokaupan v\u00e4lisest\u00e4 sopimuksesta johtuvat riidat. Kuluttajariitakomitean riitojen ratkaisu on ostajalle maksutonta.<\/p>\n<p>Ostaja voi my\u00f6s k\u00e4\u00e4nty\u00e4 Euroopan unionin riitojenratkaisun <a href=\"https:\/\/ec.europa.eu\/consumers\/odr\/main\/?event=main.home2.show\" target=\"_blank\" rel=\"noopener\" data-schema-attribute=\"\">puoleen<\/a>.[\/vc_column_text][\/vc_column][\/vc_row]<\/p>\n<\/div>","protected":false},"excerpt":{"rendered":"<p>[vc_row][vc_column][vc_custom_heading text=&#8221;Ehdot ja s\u00e4\u00e4nn\u00f6t&#8221; font_container=&#8221;tag:h1|text_align:left&#8221; use_theme_fonts=&#8221;yes&#8221;][vc_column_text] Ehdot ja s\u00e4\u00e4nn\u00f6t Verkkokaupan https:\/\/hanauto.fi(t\u00e4st\u00e4 eteenp\u00e4in k\u00e4ytet\u00e4\u00e4n nimi\u00e4 verkkokauppa) omistaja on 2798807-1 (rekisteri koodi),\u00a0 sijainti Tiemestarintie 68, 21510 Paimio, Suomi.[\/vc_column_text][vc_column_text]Myyntisopimuksen p\u00e4tevyys, tuote- ja hintatiedot Myyntiehdot koskevat tavaroiden ostamista verkkokaupasta. Verkkokaupassa myyt\u00e4vien tuotteiden hinnat ilmoitetaan tuotteiden vieress\u00e4. Hintaan lis\u00e4t\u00e4\u00e4n toimitusmaksu. Toimituskulut riippuvat ostajan sijainnista ja toimitustavasta. Toimituskulut n\u00e4ytet\u00e4\u00e4n, kun ostaja [&hellip;]<\/p>\n","protected":false},"author":1,"featured_media":0,"parent":0,"menu_order":0,"comment_status":"closed","ping_status":"closed","template":"","meta":{"footnotes":""},"class_list":["post-3860","page","type-page","status-publish","hentry"],"_links":{"self":[{"href":"https:\/\/hanauto.fi\/fi\/wp-json\/wp\/v2\/pages\/3860","targetHints":{"allow":["GET"]}}],"collection":[{"href":"https:\/\/hanauto.fi\/fi\/wp-json\/wp\/v2\/pages"}],"about":[{"href":"https:\/\/hanauto.fi\/fi\/wp-json\/wp\/v2\/types\/page"}],"author":[{"embeddable":true,"href":"https:\/\/hanauto.fi\/fi\/wp-json\/wp\/v2\/users\/1"}],"replies":[{"embeddable":true,"href":"https:\/\/hanauto.fi\/fi\/wp-json\/wp\/v2\/comments?post=3860"}],"version-history":[{"count":0,"href":"https:\/\/hanauto.fi\/fi\/wp-json\/wp\/v2\/pages\/3860\/revisions"}],"wp:attachment":[{"href":"https:\/\/hanauto.fi\/fi\/wp-json\/wp\/v2\/media?parent=3860"}],"curies":[{"name":"wp","href":"https:\/\/api.w.org\/{rel}","templated":true}]}}