{"id":3863,"date":"2022-04-10T21:32:21","date_gmt":"2022-04-10T18:32:21","guid":{"rendered":"https:\/\/hanauto.fi\/privaatsuspoliitika\/"},"modified":"2022-04-11T22:36:28","modified_gmt":"2022-04-11T19:36:28","slug":"tietosuojaseloste","status":"publish","type":"page","link":"https:\/\/hanauto.fi\/fi\/tietosuojaseloste\/","title":{"rendered":"Tietosuojaseloste"},"content":{"rendered":"<div class=\"wpb-content-wrapper\"><p>[vc_row][vc_column][vc_column_text]1.1. T\u00e4m\u00e4 tietosuojak\u00e4yt\u00e4nt\u00f6 s\u00e4\u00e4telee henkil\u00f6tietojen ker\u00e4\u00e4misen, k\u00e4sittelyn ja varastoinnin periaatteita. Henkil\u00f6tietoja k\u00e4sittelee ja tallentaa <strong>Hanauto OY<\/strong>, joka on henkil\u00f6tietojen rekisterinpit\u00e4j\u00e4 (j\u00e4ljemp\u00e4n\u00e4 rekisterinpit\u00e4j\u00e4).<\/p>\n<p>1.2. T\u00e4ss\u00e4 tietosuojak\u00e4yt\u00e4nn\u00f6ss\u00e4 rekister\u00f6idyll\u00e4 tarkoitetaan asiakasta tai muuta luonnollista henkil\u00f6\u00e4, jonka henkil\u00f6tietoja rekisterinpit\u00e4j\u00e4 k\u00e4sittelee.<\/p>\n<p>1.3. T\u00e4ss\u00e4 tietosuojak\u00e4yt\u00e4nn\u00f6ss\u00e4 asiakkaalla tarkoitetaan h\u00e4n, joka ostaa tavaroita tai palveluja rekisterinpit\u00e4j\u00e4n verkkosivustolta.<\/p>\n<p>1.4. Rekisterinpit\u00e4j\u00e4 noudattaa lains\u00e4\u00e4d\u00e4nn\u00f6n mukaisia henkil\u00f6tietojen k\u00e4sittelyyn liittyvi\u00e4 periaatteita ja muun muassa k\u00e4sittelee henkil\u00f6tietoja laillisella, oikeudenmukaisella ja turvallisella tavalla. Rekisterinpit\u00e4j\u00e4 voi vakuuttaa, ett\u00e4 henkil\u00f6tietoja on k\u00e4sitelty lains\u00e4\u00e4d\u00e4nn\u00f6n s\u00e4\u00e4nn\u00f6sten mukaisesti.[\/vc_column_text][vc_column_text]<strong>2. Henkil\u00f6tietojen ker\u00e4\u00e4minen, k\u00e4sittely ja varastointi<\/strong><\/p>\n<p>2.1. Rekisterinpit\u00e4j\u00e4n ker\u00e4\u00e4m\u00e4t, k\u00e4sittelem\u00e4t ja tallentamat henkil\u00f6tiedot on ker\u00e4tty s\u00e4hk\u00f6isesti, p\u00e4\u00e4asiassa verkkosivuston ja s\u00e4hk\u00f6postin kautta.<\/p>\n<p>2.2. Jakamalla henkil\u00f6tietojaan rekister\u00f6ity henkil\u00f6 antaa rekisterinpit\u00e4j\u00e4lle oikeuden ker\u00e4t\u00e4, j\u00e4rjest\u00e4\u00e4, k\u00e4ytt\u00e4\u00e4 ja hallinnoida tietosuojak\u00e4yt\u00e4nn\u00f6ss\u00e4 m\u00e4\u00e4ritelty\u00e4 tarkoitusta varten henkil\u00f6tietoja, jotka rekister\u00f6ity jakaa suoraan tai ep\u00e4suorasti rekisterinpit\u00e4j\u00e4n kanssa ostaessaan tavaroita tai palveluja verkkosivustolla.<\/p>\n<p>2.3. Rekister\u00f6ity on vastuussa l\u00e4hett\u00e4miens\u00e4 tietojen tarkkuudesta, oikeellisuudesta ja eheydest\u00e4. Tietoisesti v\u00e4\u00e4rien tietojen toimittamista pidet\u00e4\u00e4n yksityisyyden suojan rikkomisena. Rekister\u00f6idyn on ilmoitettava v\u00e4litt\u00f6m\u00e4sti rekisterinpit\u00e4j\u00e4lle kaikista muutoksista toimitettuihin tietoihin.<\/p>\n<p>2.4. Rekisterinpit\u00e4j\u00e4 ei ole vastuussa vahingoista tai menetyksist\u00e4, jotka aiheutuvat rekister\u00f6idylle tai kolmannelle osapuolelle v\u00e4\u00e4r\u00e4n tiedon toimittamisen seurauksena.[\/vc_column_text][vc_column_text]<strong>3. Asiakkaiden henkil\u00f6tietojen k\u00e4sittely<\/strong><\/p>\n<p>3.1. Rekisterinpit\u00e4j\u00e4 voi k\u00e4sitell\u00e4 seuraavia rekister\u00f6idyn henkil\u00f6tietoja:<\/p>\n<p style=\"padding-left: 40px;\">3.1.1. Etu- ja sukunimi;<\/p>\n<p style=\"padding-left: 40px;\">3.1.2. Puhelinnumero;<\/p>\n<p style=\"padding-left: 40px;\">3.1.3. S\u00e4hk\u00f6postiosoite;<\/p>\n<p style=\"padding-left: 40px;\">3.1.4. Toimitusosoite;<\/p>\n<p style=\"padding-left: 40px;\">3.1.5. Pankkitilin numero;<\/p>\n<p style=\"padding-left: 40px;\">3.1.6. Maksukortin tiedot;<\/p>\n<p>3.2. Edell\u00e4 mainitun lis\u00e4ksi rekisterinpit\u00e4j\u00e4ll\u00e4 on oikeus ker\u00e4t\u00e4 asiakasta koskevia tietoja, jotka ovat saatavilla julkisissa rekistereiss\u00e4.<\/p>\n<p>3.3. Oikeusperusta henkil\u00f6tietojen k\u00e4sittelyn yleisen tietosuoja-asetuksen 6 artiklan 1 kohdan a, b, c ja f alakohdassa:<\/p>\n<p style=\"padding-left: 40px;\">a) rekister\u00f6ity on antanut suostumuksensa henkil\u00f6tietojensa k\u00e4sittelyyn yht\u00e4 tai useampaa erityist\u00e4 tarkoitusta varten;<\/p>\n<p style=\"padding-left: 40px;\">b) k\u00e4sittely on v\u00e4ltt\u00e4m\u00e4t\u00f6nt\u00e4 sellaisen sopimuksen toteuttamiseksi, jonka rekister\u00f6ity on osapuolena, tai jotta voidaan ryhty\u00e4 toimiin rekister\u00f6idyn pyynn\u00f6st\u00e4 ennen sopimuksen tekemist\u00e4;<\/p>\n<p style=\"padding-left: 40px;\">c) k\u00e4sittely on tarpeen rekisterinpit\u00e4j\u00e4n laillisen velvoitteen noudattamiseksi;<\/p>\n<p style=\"padding-left: 40px;\">f) k\u00e4sittely on v\u00e4ltt\u00e4m\u00e4t\u00f6nt\u00e4 rekisterinpit\u00e4j\u00e4n tai kolmannen osapuolen oikeutettujen etujen toteuttamiseksi, paitsi jos kyseiset edut syrj\u00e4ytt\u00e4v\u00e4t rekister\u00f6idyn edut tai perusoikeudet ja -vapaudet, jotka edellytt\u00e4v\u00e4t henkil\u00f6tietojen suojaa, erityisesti miss\u00e4 rekister\u00f6ity on lapsi.<\/p>\n<p>3.4. Henkil\u00f6tietojen k\u00e4sittely k\u00e4sittelyn tarkoituksen mukaisesti:<\/p>\n<p style=\"padding-left: 40px;\">3.4.1. K\u00e4sittelyn tarkoitus &#8211; turvallisuus<br \/>\nHenkil\u00f6tietojen s\u00e4ilytyksen enimm\u00e4isaika &#8211; laissa m\u00e4\u00e4riteltyjen ehtojen mukaisesti<\/p>\n<p style=\"padding-left: 40px;\">3.4.2. K\u00e4sittelyn tarkoitus &#8211; tilausten k\u00e4sittely<br \/>\nHenkil\u00f6tietojen s\u00e4ilytyksen enimm\u00e4isaika on 2 vuotta.<\/p>\n<p style=\"padding-left: 40px;\">3.4.3. K\u00e4sittelyn tarkoitus &#8211; verkkokauppapalvelujen toiminnan varmistaminen<br \/>\nHenkil\u00f6tietojen s\u00e4ilytyksen enimm\u00e4isaika on 2 vuotta.<\/p>\n<p style=\"padding-left: 40px;\">3.4.4. K\u00e4sittelyn tarkoitus &#8211; asiakashallinta<br \/>\nHenkil\u00f6tietojen s\u00e4ilytyksen enimm\u00e4isaika on 1 vuosi.<\/p>\n<p style=\"padding-left: 40px;\">3.4.5. K\u00e4sittelyn tarkoitus &#8211; rahoitustoiminta, kirjanpito<br \/>\nHenkil\u00f6tietojen s\u00e4ilytyksen enimm\u00e4isaika &#8211; laissa m\u00e4\u00e4riteltyjen ehtojen mukaisesti<\/p>\n<p style=\"padding-left: 40px;\">3.4.6. K\u00e4sittelyn tarkoitus &#8211; markkinointi Henkil\u00f6tietojen s\u00e4ilytyksen enimm\u00e4isaika on 2 vuotta.<\/p>\n<p>3.5. Rekisterinpit\u00e4j\u00e4ll\u00e4 on oikeus jakaa asiakkaiden henkil\u00f6tietoja kolmansien osapuolten kanssa, kuten k\u00e4sittelij\u00f6iden, kirjanpit\u00e4jien, kuljetus- ja kuriiriyritysten, siirtopalveluja tarjoavien yritysten kanssa. Rekisterinpit\u00e4j\u00e4 on vastuussa henkil\u00f6tietojen k\u00e4sittelyst\u00e4. Rekisterinpit\u00e4j\u00e4 v\u00e4litt\u00e4\u00e4 maksujen suorittamiseen tarvittavat henkil\u00f6tiedot k\u00e4sittelij\u00e4lle Montonio O\u00dc: lle.<\/p>\n<p>3.6. Rekisterinpit\u00e4j\u00e4 k\u00e4sittelee ja tallentaa rekister\u00f6idyn henkil\u00f6tietoja toteuttamalla j\u00e4rjestelyt ja tekniset toimenpiteet varmistaakseen, ett\u00e4 henkil\u00f6tiedot on suojattu vahingossa tapahtuvalta tai laittomalta tuhoamiselta, muuttamiselta, paljastamiselta ja muulta laittomalta k\u00e4sittelylt\u00e4.<\/p>\n<p>3.7. Rekisterinpit\u00e4j\u00e4 tallentaa rekister\u00f6idyn tiedot k\u00e4sittelyn tarkoituksesta riippuen, mutta enint\u00e4\u00e4n kahden vuoden ajaksi.[\/vc_column_text][vc_column_text]<strong>4. Rekister\u00f6idyn oikeudet<\/strong><\/p>\n<p>4.1. Rekister\u00f6idyll\u00e4 on oikeus saada p\u00e4\u00e4sy henkil\u00f6tietoihinsa ja tutkia niit\u00e4.<\/p>\n<p>4.2. Rekister\u00f6idyll\u00e4 on oikeus saada tietoja henkil\u00f6tietojensa k\u00e4sittelyst\u00e4.<\/p>\n<p>4.3. Rekister\u00f6idyll\u00e4 on oikeus muuttaa tai korjata virheellisi\u00e4 tietoja.<\/p>\n<p>4.4. Jos rekisterinpit\u00e4j\u00e4 k\u00e4sittelee rekister\u00f6idyn henkil\u00f6tietoja t\u00e4m\u00e4n antaman suostumuksen perusteella, rekister\u00f6idyll\u00e4 on oikeus peruuttaa suostumuksensa milloin tahansa.<\/p>\n<p>4.5. Rekister\u00f6ity voi k\u00e4ytt\u00e4\u00e4 oikeuksiaan ottamalla yhteytt\u00e4 verkkokaupan asiakastukeen osoitteessa <a href=\"mailto:info@hanauto.fi\">info@hanauto.fi<\/a>.<\/p>\n<p>4.6. Oikeuksiensa suojaamiseksi rekister\u00f6ity voi tehd\u00e4 valituksen tietosuojavaltuutetulle.[\/vc_column_text][vc_column_text]<strong>5. Loppus\u00e4\u00e4nn\u00f6kset<\/strong><\/p>\n<p>5.1. N\u00e4m\u00e4 tietosuojaehdot on laadittu luonnollisten henkil\u00f6iden suojelusta henkil\u00f6tietojen k\u00e4sittelyss\u00e4 ja n\u00e4iden tietojen vapaasta liikkuvuudesta annetun Euroopan parlamentin ja neuvoston asetuksen (EU) 2016\/679 mukaisesti, ja direktiivin 95\/46 \/ EY (yleinen tietosuoja-asetus), Viron tasavallan henkil\u00f6tietosuojalain sek\u00e4 Viron tasavallan ja Euroopan unionin lains\u00e4\u00e4d\u00e4nn\u00f6n kumoamisesta.<\/p>\n<p>5.2. Rekisterinpit\u00e4j\u00e4ll\u00e4 on oikeus muuttaa tietosuojaehtoja osittain tai kokonaan ilmoittamalla muutoksista rekister\u00f6idyille <a href=\"https:\/\/hanauto.fi\/?lang=fi\">https:\/\/hanauto.fi<\/a>.[\/vc_column_text][\/vc_column][\/vc_row]<\/p>\n<\/div>","protected":false},"excerpt":{"rendered":"<p>[vc_row][vc_column][vc_column_text]1.1. T\u00e4m\u00e4 tietosuojak\u00e4yt\u00e4nt\u00f6 s\u00e4\u00e4telee henkil\u00f6tietojen ker\u00e4\u00e4misen, k\u00e4sittelyn ja varastoinnin periaatteita. Henkil\u00f6tietoja k\u00e4sittelee ja tallentaa Hanauto OY, joka on henkil\u00f6tietojen rekisterinpit\u00e4j\u00e4 (j\u00e4ljemp\u00e4n\u00e4 rekisterinpit\u00e4j\u00e4). 1.2. T\u00e4ss\u00e4 tietosuojak\u00e4yt\u00e4nn\u00f6ss\u00e4 rekister\u00f6idyll\u00e4 tarkoitetaan asiakasta tai muuta luonnollista henkil\u00f6\u00e4, jonka henkil\u00f6tietoja rekisterinpit\u00e4j\u00e4 k\u00e4sittelee. 1.3. T\u00e4ss\u00e4 tietosuojak\u00e4yt\u00e4nn\u00f6ss\u00e4 asiakkaalla tarkoitetaan h\u00e4n, joka ostaa tavaroita tai palveluja rekisterinpit\u00e4j\u00e4n verkkosivustolta. 1.4. Rekisterinpit\u00e4j\u00e4 noudattaa lains\u00e4\u00e4d\u00e4nn\u00f6n mukaisia henkil\u00f6tietojen [&hellip;]<\/p>\n","protected":false},"author":1,"featured_media":0,"parent":0,"menu_order":0,"comment_status":"closed","ping_status":"closed","template":"","meta":{"footnotes":""},"class_list":["post-3863","page","type-page","status-publish","hentry"],"_links":{"self":[{"href":"https:\/\/hanauto.fi\/fi\/wp-json\/wp\/v2\/pages\/3863","targetHints":{"allow":["GET"]}}],"collection":[{"href":"https:\/\/hanauto.fi\/fi\/wp-json\/wp\/v2\/pages"}],"about":[{"href":"https:\/\/hanauto.fi\/fi\/wp-json\/wp\/v2\/types\/page"}],"author":[{"embeddable":true,"href":"https:\/\/hanauto.fi\/fi\/wp-json\/wp\/v2\/users\/1"}],"replies":[{"embeddable":true,"href":"https:\/\/hanauto.fi\/fi\/wp-json\/wp\/v2\/comments?post=3863"}],"version-history":[{"count":0,"href":"https:\/\/hanauto.fi\/fi\/wp-json\/wp\/v2\/pages\/3863\/revisions"}],"wp:attachment":[{"href":"https:\/\/hanauto.fi\/fi\/wp-json\/wp\/v2\/media?parent=3863"}],"curies":[{"name":"wp","href":"https:\/\/api.w.org\/{rel}","templated":true}]}}