{"id":9278116,"date":"2024-04-05T07:35:36","date_gmt":"2024-04-05T04:35:36","guid":{"rendered":"https:\/\/hanauto.fi\/hinnasto\/"},"modified":"2024-04-05T10:46:38","modified_gmt":"2024-04-05T07:46:38","slug":"hinnasto","status":"publish","type":"page","link":"https:\/\/hanauto.fi\/fi\/hinnasto\/","title":{"rendered":"Hinnasto"},"content":{"rendered":"<div class=\"wpb-content-wrapper\"><p>[vc_row][vc_column][vc_custom_heading text=&#8221;Hanauto OY Hinnasto&#8221; font_container=&#8221;tag:h1|text_align:center&#8221; use_theme_fonts=&#8221;yes&#8221;][vc_row_inner][vc_column_inner width=&#8221;5\/6&#8243;][vc_column_text el_class=&#8221;featured lead&#8221;]HanAuto OY tarjoaa erilaisia autonkorjaus- ja huoltopalveluja. Tarjoamme asiakkaillemme k\u00e4tev\u00e4n ja edullisen mahdollisuuden korjata ja huoltaa autoja. Olemme l\u00e4hell\u00e4 Paimiota Valkojalla.[\/vc_column_text][\/vc_column_inner][vc_column_inner width=&#8221;1\/6&#8243;][vc_btn title=&#8221;Ota yhteytt\u00e4&#8221; style=&#8221;3d&#8221; color=&#8221;danger&#8221; skin=&#8221;primary&#8221; link=&#8221;url:%2Fkontakt%2F|title:Kontakt&#8221;][\/vc_column_inner][\/vc_row_inner][vc_separator][vc_row_inner][vc_column_inner][vc_column_text]<\/p>\n<table>\n<tbody>\n<tr>\n<td colspan=\"3\">Renkaan asennus ja tasapainotus \/alle laito\/kpl<\/td>\n<\/tr>\n<tr>\n<td width=\"5%\"><\/td>\n<td width=\"70%\">12&#8243; &#8211; 18&#8243;<\/td>\n<td width=\"25%\">15 \u20ac<\/td>\n<\/tr>\n<tr>\n<td width=\"5%\"><\/td>\n<td width=\"70%\">19&#8243; &#8211; 21&#8243;<\/td>\n<td width=\"25%\">20 \u20ac<\/td>\n<\/tr>\n<tr>\n<td colspan=\"3\">Renkaiden asennus ja tasapainotus \/alle laito\/ sarja<\/td>\n<\/tr>\n<tr>\n<td width=\"5%\"><\/td>\n<td width=\"70%\">12&#8243; &#8211; 18&#8243;<\/td>\n<td width=\"25%\">50 \u20ac<\/td>\n<\/tr>\n<tr>\n<td width=\"5%\"><\/td>\n<td width=\"70%\">19&#8243; &#8211; 21&#8243;<\/td>\n<td width=\"25%\">60 \u20ac<\/td>\n<\/tr>\n<tr>\n<td colspan=\"2\" width=\"75%\">Renkaan tasapainotus\/kpl<\/td>\n<td width=\"25%\">5 \u20ac<\/td>\n<\/tr>\n<tr>\n<td colspan=\"2\" width=\"75%\">Renkaan irroitus vanteelta\/kpl<\/td>\n<td width=\"25%\">5 \u20ac<\/td>\n<\/tr>\n<tr>\n<td colspan=\"3\">Renkaiden alle laitto \/ kausvaihto<\/td>\n<\/tr>\n<tr>\n<td width=\"5%\"><\/td>\n<td width=\"70%\">Henkil\u00f6autot<\/td>\n<td width=\"25%\">7 \u20ac \/ kpl<\/td>\n<\/tr>\n<tr>\n<td width=\"5%\"><\/td>\n<td width=\"70%\">Henkil\u00f6autot<\/td>\n<td width=\"25%\">20 \u20ac \/ sarja<\/td>\n<\/tr>\n<tr>\n<td width=\"5%\"><\/td>\n<td width=\"70%\">Pakettiautot \/ tunkila nostettavat<\/td>\n<td width=\"25%\">8 \u20ac \/ kpl<\/td>\n<\/tr>\n<tr>\n<td width=\"5%\"><\/td>\n<td width=\"70%\">Pakettiautot \/ tunkila nostettavat<\/td>\n<td width=\"25%\">30 \u20ac \/ sarja<\/td>\n<\/tr>\n<tr>\n<td colspan=\"3\">Venttiiilin vaihto alk.<\/td>\n<\/tr>\n<tr>\n<td width=\"5%\"><\/td>\n<td width=\"70%\">Irtopy\u00f6ra<\/td>\n<td width=\"25%\">10 \u20ac \/ kpl<\/td>\n<\/tr>\n<tr>\n<td width=\"5%\"><\/td>\n<td width=\"70%\">alla oleva<\/td>\n<td width=\"25%\">15 \u20ac<\/td>\n<\/tr>\n<tr>\n<td width=\"5%\"><\/td>\n<td width=\"70%\">TPMS<\/td>\n<td width=\"25%\">-alk. 10 \u20ac<\/td>\n<\/tr>\n<tr>\n<td colspan=\"2\" width=\"75%\">Matalaprofiilirenkaat&lt;=40 tai run-flat renkaat<\/td>\n<td width=\"25%\">+5 \u20ac \/ kpl<\/td>\n<\/tr>\n<tr>\n<td colspan=\"2\" width=\"75%\">Vikakoodien luku ja poisto<\/td>\n<td width=\"25%\">15 \u20ac<\/td>\n<\/tr>\n<tr>\n<td colspan=\"2\" width=\"75%\">Tuntiveloitukset<\/td>\n<td width=\"25%\">55 \u20ac \/ h<\/td>\n<\/tr>\n<tr>\n<td colspan=\"3\">Hinnat sis\u00e4lt\u00e4v\u00e4t alv. 24%.<\/td>\n<\/tr>\n<tr>\n<td colspan=\"3\">NB! MUISTA RENKAIDEN J\u00c4LKIKIRISTYS 100 KM KULUTTUA!<\/td>\n<\/tr>\n<\/tbody>\n<\/table>\n<p>[\/vc_column_text][\/vc_column_inner][\/vc_row_inner][\/vc_column][\/vc_row]<\/p>\n<\/div>","protected":false},"excerpt":{"rendered":"<p>[vc_row][vc_column][vc_custom_heading text=&#8221;Hanauto OY Hinnasto&#8221; font_container=&#8221;tag:h1|text_align:center&#8221; use_theme_fonts=&#8221;yes&#8221;][vc_row_inner][vc_column_inner width=&#8221;5\/6&#8243;][vc_column_text el_class=&#8221;featured lead&#8221;]HanAuto OY tarjoaa erilaisia autonkorjaus- ja huoltopalveluja. Tarjoamme asiakkaillemme k\u00e4tev\u00e4n ja edullisen mahdollisuuden korjata ja huoltaa autoja. Olemme l\u00e4hell\u00e4 Paimiota Valkojalla.[\/vc_column_text][\/vc_column_inner][vc_column_inner width=&#8221;1\/6&#8243;][vc_btn title=&#8221;Ota yhteytt\u00e4&#8221; style=&#8221;3d&#8221; color=&#8221;danger&#8221; skin=&#8221;primary&#8221; link=&#8221;url:%2Fkontakt%2F|title:Kontakt&#8221;][\/vc_column_inner][\/vc_row_inner][vc_separator][vc_row_inner][vc_column_inner][vc_column_text] Renkaan asennus ja tasapainotus \/alle laito\/kpl 12&#8243; &#8211; 18&#8243; 15 \u20ac 19&#8243; &#8211; 21&#8243; 20 \u20ac Renkaiden asennus ja [&hellip;]<\/p>\n","protected":false},"author":1,"featured_media":0,"parent":0,"menu_order":0,"comment_status":"closed","ping_status":"closed","template":"","meta":{"footnotes":""},"class_list":["post-9278116","page","type-page","status-publish","hentry"],"_links":{"self":[{"href":"https:\/\/hanauto.fi\/fi\/wp-json\/wp\/v2\/pages\/9278116","targetHints":{"allow":["GET"]}}],"collection":[{"href":"https:\/\/hanauto.fi\/fi\/wp-json\/wp\/v2\/pages"}],"about":[{"href":"https:\/\/hanauto.fi\/fi\/wp-json\/wp\/v2\/types\/page"}],"author":[{"embeddable":true,"href":"https:\/\/hanauto.fi\/fi\/wp-json\/wp\/v2\/users\/1"}],"replies":[{"embeddable":true,"href":"https:\/\/hanauto.fi\/fi\/wp-json\/wp\/v2\/comments?post=9278116"}],"version-history":[{"count":0,"href":"https:\/\/hanauto.fi\/fi\/wp-json\/wp\/v2\/pages\/9278116\/revisions"}],"wp:attachment":[{"href":"https:\/\/hanauto.fi\/fi\/wp-json\/wp\/v2\/media?parent=9278116"}],"curies":[{"name":"wp","href":"https:\/\/api.w.org\/{rel}","templated":true}]}}