{"id":9148684,"date":"2023-01-05T13:26:33","date_gmt":"2023-01-05T11:26:33","guid":{"rendered":"https:\/\/hanauto.fi\/28395ba00a\/"},"modified":"2023-01-05T13:26:33","modified_gmt":"2023-01-05T11:26:33","slug":"28395ba00a-2","status":"publish","type":"product","link":"https:\/\/hanauto.fi\/fi\/28395ba00a-2\/","title":{"rendered":"28395BA00A"},"content":{"rendered":"<p>Nissan Primera L\u00e4mp\u00f6s\u00e4\u00e4timet<\/p>\n","protected":false},"excerpt":{"rendered":"<p>Nissan Primera L\u00e4mp\u00f6s\u00e4\u00e4timet<\/p>\n","protected":false},"featured_media":9148681,"comment_status":"open","ping_status":"closed","template":"","meta":[],"product_brand":[],"product_cat":[405],"product_tag":[],"tootja":[],"class_list":{"0":"post-9148684","1":"product","2":"type-product","3":"status-publish","4":"has-post-thumbnail","6":"product_cat-kaytetyt-varaosat","8":"first","9":"instock","10":"taxable","11":"shipping-taxable","12":"purchasable","13":"product-type-simple"},"_links":{"self":[{"href":"https:\/\/hanauto.fi\/fi\/wp-json\/wp\/v2\/product\/9148684","targetHints":{"allow":["GET"]}}],"collection":[{"href":"https:\/\/hanauto.fi\/fi\/wp-json\/wp\/v2\/product"}],"about":[{"href":"https:\/\/hanauto.fi\/fi\/wp-json\/wp\/v2\/types\/product"}],"replies":[{"embeddable":true,"href":"https:\/\/hanauto.fi\/fi\/wp-json\/wp\/v2\/comments?post=9148684"}],"wp:featuredmedia":[{"embeddable":true,"href":"https:\/\/hanauto.fi\/fi\/wp-json\/wp\/v2\/media\/9148681"}],"wp:attachment":[{"href":"https:\/\/hanauto.fi\/fi\/wp-json\/wp\/v2\/media?parent=9148684"}],"wp:term":[{"taxonomy":"product_brand","embeddable":true,"href":"https:\/\/hanauto.fi\/fi\/wp-json\/wp\/v2\/product_brand?post=9148684"},{"taxonomy":"product_cat","embeddable":true,"href":"https:\/\/hanauto.fi\/fi\/wp-json\/wp\/v2\/product_cat?post=9148684"},{"taxonomy":"product_tag","embeddable":true,"href":"https:\/\/hanauto.fi\/fi\/wp-json\/wp\/v2\/product_tag?post=9148684"},{"taxonomy":"tootja","embeddable":true,"href":"https:\/\/hanauto.fi\/fi\/wp-json\/wp\/v2\/tootja?post=9148684"}],"curies":[{"name":"wp","href":"https:\/\/api.w.org\/{rel}","templated":true}]}}